{"id":9542,"date":"2022-05-05T09:34:16","date_gmt":"2022-05-05T09:34:16","guid":{"rendered":"https:\/\/lopsangcountertops.com\/politica-de-privacidade\/"},"modified":"2024-06-07T15:35:54","modified_gmt":"2024-06-07T15:35:54","slug":"politica-de-privacidade","status":"publish","type":"page","link":"https:\/\/lopsangcountertops.com\/pt-br\/politica-de-privacidade\/","title":{"rendered":"Pol\u00edtica de privacidade"},"content":{"rendered":"\t\t<div data-elementor-type=\"wp-page\" data-elementor-id=\"9542\" class=\"elementor elementor-9542 elementor-3\" data-elementor-post-type=\"page\">\n\t\t\t\t\t\t<section class=\"elementor-section elementor-top-section elementor-element elementor-element-d3e418d elementor-section-stretched elementor-section-boxed elementor-section-height-default elementor-section-height-default\" data-id=\"d3e418d\" data-element_type=\"section\" data-settings=\"{&quot;stretch_section&quot;:&quot;section-stretched&quot;,&quot;background_background&quot;:&quot;classic&quot;}\">\n\t\t\t\t\t\t\t<div class=\"elementor-background-overlay\"><\/div>\n\t\t\t\t\t\t\t<div class=\"elementor-container elementor-column-gap-default\">\n\t\t\t\t\t<div class=\"elementor-column elementor-col-100 elementor-top-column elementor-element elementor-element-d4c5490\" data-id=\"d4c5490\" data-element_type=\"column\">\n\t\t\t<div class=\"elementor-widget-wrap elementor-element-populated\">\n\t\t\t\t\t\t<div class=\"elementor-element elementor-element-46bde4b elementor-widget elementor-widget-heading\" data-id=\"46bde4b\" data-element_type=\"widget\" data-widget_type=\"heading.default\">\n\t\t\t\t<div class=\"elementor-widget-container\">\n\t\t\t<h1 class=\"elementor-heading-title elementor-size-default\">Pol\u00edtica de privacidade<\/h1>\t\t<\/div>\n\t\t\t\t<\/div>\n\t\t\t\t\t<\/div>\n\t\t<\/div>\n\t\t\t\t\t<\/div>\n\t\t<\/section>\n\t\t\t\t<section class=\"elementor-section elementor-top-section elementor-element elementor-element-da4df76 elementor-section-stretched elementor-section-boxed elementor-section-height-default elementor-section-height-default\" data-id=\"da4df76\" data-element_type=\"section\" data-settings=\"{&quot;stretch_section&quot;:&quot;section-stretched&quot;}\">\n\t\t\t\t\t\t<div class=\"elementor-container elementor-column-gap-default\">\n\t\t\t\t\t<div class=\"elementor-column elementor-col-100 elementor-top-column elementor-element elementor-element-5e6fa03\" data-id=\"5e6fa03\" data-element_type=\"column\">\n\t\t\t<div class=\"elementor-widget-wrap elementor-element-populated\">\n\t\t\t\t\t\t<div class=\"elementor-element elementor-element-c1449cd elementor-widget elementor-widget-text-editor\" data-id=\"c1449cd\" data-element_type=\"widget\" data-widget_type=\"text-editor.default\">\n\t\t\t\t<div class=\"elementor-widget-container\">\n\t\t\t\t\t\t\t<p>Esta pol\u00edtica de privacidade foi compilada para melhor atender \u00e0queles que est\u00e3o preocupados com a forma como suas &#8220;Informa\u00e7\u00f5es Pessoais Identific\u00e1veis&#8221; (IPI) est\u00e3o sendo usadas on-line. As PII, conforme descrito na lei de privacidade e seguran\u00e7a da informa\u00e7\u00e3o dos EUA, s\u00e3o informa\u00e7\u00f5es que podem ser usadas isoladamente ou com outras informa\u00e7\u00f5es para identificar, contatar ou localizar uma \u00fanica pessoa, ou para identificar um indiv\u00edduo no contexto. Leia atentamente nossa pol\u00edtica de privacidade para entender claramente como coletamos, usamos, protegemos ou tratamos suas Informa\u00e7\u00f5es Pessoais Identific\u00e1veis de acordo com nosso site.<\/p>\n<p>Que informa\u00e7\u00f5es pessoais coletamos das pessoas que visitam nosso blog, site ou aplicativo?<\/p>\n<p>Ao fazer um pedido ou registrar-se em nosso site, conforme apropriado, voc\u00ea poder\u00e1 ser solicitado a inserir seu nome, endere\u00e7o de e-mail, n\u00famero de telefone ou outros detalhes para ajud\u00e1-lo em sua experi\u00eancia.<\/p>\n<p>Quando coletamos informa\u00e7\u00f5es?<\/p>\n<p>Coletamos informa\u00e7\u00f5es suas quando voc\u00ea assina um boletim informativo, preenche um formul\u00e1rio ou insere informa\u00e7\u00f5es em nosso site.<\/p>\n<p>Fornecer feedback sobre nossos produtos ou servi\u00e7os<\/p>\n<p>Como usamos suas informa\u00e7\u00f5es?<\/p>\n<p>Podemos usar as informa\u00e7\u00f5es que coletamos de voc\u00ea quando voc\u00ea se registra, faz uma compra, assina nosso boletim informativo, responde a uma pesquisa ou comunica\u00e7\u00e3o de marketing, navega no site ou usa outros recursos do site das seguintes maneiras:<\/p>\n<p>&#8211; Para personalizar sua experi\u00eancia e permitir que forne\u00e7amos o tipo de conte\u00fado e as ofertas de produtos nos quais voc\u00ea est\u00e1 mais interessado.<br \/>&#8211; Para aprimorar nosso site a fim de melhor atend\u00ea-lo.<br \/>&#8211; Para que possamos atend\u00ea-lo melhor, respondendo \u00e0s suas solicita\u00e7\u00f5es de atendimento ao cliente.<br \/>&#8211; Para solicitar classifica\u00e7\u00f5es e avalia\u00e7\u00f5es de servi\u00e7os ou produtos<br \/>&#8211; Para fazer o acompanhamento ap\u00f3s a correspond\u00eancia (chat ao vivo, e-mail ou consultas telef\u00f4nicas)<\/p>\n<p>Como protegemos suas informa\u00e7\u00f5es?<\/p>\n<p>N\u00e3o usamos varredura de vulnerabilidade e\/ou varredura de acordo com os padr\u00f5es PCI.<\/p>\n<p>Fornecemos apenas artigos e informa\u00e7\u00f5es. Nunca solicitamos n\u00fameros de cart\u00e3o de cr\u00e9dito.<\/p>\n<p>Usamos a verifica\u00e7\u00e3o regular de malware.<\/p>\n<p>Suas informa\u00e7\u00f5es pessoais est\u00e3o contidas em redes seguras e s\u00f3 podem ser acessadas por um n\u00famero limitado de pessoas que t\u00eam direitos especiais de acesso a esses sistemas e s\u00e3o obrigadas a manter as informa\u00e7\u00f5es confidenciais. Al\u00e9m disso, todas as informa\u00e7\u00f5es confidenciais\/de cr\u00e9dito que voc\u00ea fornece s\u00e3o criptografadas por meio da tecnologia Secure Socket Layer (SSL).<\/p>\n<p>Implementamos uma s\u00e9rie de medidas de seguran\u00e7a quando um usu\u00e1rio insere, envia ou acessa suas informa\u00e7\u00f5es para manter a seguran\u00e7a de suas informa\u00e7\u00f5es pessoais.<\/p>\n<p>Todas as transa\u00e7\u00f5es s\u00e3o processadas por meio de um provedor de gateway e n\u00e3o s\u00e3o armazenadas ou processadas em nossos servidores.<\/p>\n<p>Usamos &#8220;cookies&#8221;?<\/p>\n<p>Sim. Cookies s\u00e3o pequenos arquivos que um site ou seu provedor de servi\u00e7os transfere para o disco r\u00edgido do seu computador por meio do navegador da Web (se voc\u00ea permitir), o que permite que os sistemas do site ou do provedor de servi\u00e7os reconhe\u00e7am seu navegador e capturem e lembrem determinadas informa\u00e7\u00f5es. Por exemplo, usamos cookies para nos ajudar a lembrar e processar os itens em seu carrinho de compras. Eles tamb\u00e9m s\u00e3o usados para nos ajudar a entender suas prefer\u00eancias com base em atividades anteriores ou atuais no site, o que nos permite oferecer a voc\u00ea servi\u00e7os aprimorados. Tamb\u00e9m usamos cookies para nos ajudar a compilar dados agregados sobre o tr\u00e1fego e a intera\u00e7\u00e3o no site, para que possamos oferecer melhores experi\u00eancias e ferramentas no futuro.<\/p>\n<p>Usamos cookies para:<\/p>\n<p>&#8211; Ajude a lembrar e processar os itens no carrinho de compras.<br \/>&#8211; Compreender e salvar as prefer\u00eancias do usu\u00e1rio para visitas futuras.<br \/>&#8211; Mantenha o controle dos an\u00fancios.<br \/>&#8211; Compilar dados agregados sobre o tr\u00e1fego e as intera\u00e7\u00f5es no site para oferecer melhores experi\u00eancias e ferramentas no futuro. Tamb\u00e9m podemos usar servi\u00e7os de terceiros confi\u00e1veis que rastreiam essas informa\u00e7\u00f5es em nosso nome.<\/p>\n<p>Voc\u00ea pode optar por fazer com que seu computador o avise sempre que um cookie estiver sendo enviado ou pode optar por desativar todos os cookies. Voc\u00ea faz isso por meio das configura\u00e7\u00f5es do navegador. Como os navegadores s\u00e3o um pouco diferentes, consulte o menu Ajuda do navegador para saber a maneira correta de modificar os cookies.<\/p>\n<p>Se voc\u00ea desativar os cookies, isso n\u00e3o afetar\u00e1 a experi\u00eancia do usu\u00e1rio.<\/p>\n<p>Divulga\u00e7\u00e3o de terceiros<\/p>\n<p>N\u00e3o vendemos, trocamos ou transferimos para terceiros suas Informa\u00e7\u00f5es Pessoais Identific\u00e1veis, a menos que avisemos os usu\u00e1rios com anteced\u00eancia. Isso n\u00e3o inclui parceiros de hospedagem de sites e outras partes que nos auxiliam na opera\u00e7\u00e3o de nosso site, na condu\u00e7\u00e3o de nossos neg\u00f3cios ou no atendimento a nossos usu\u00e1rios, desde que essas partes concordem em manter essas informa\u00e7\u00f5es confidenciais. Tamb\u00e9m podemos divulgar informa\u00e7\u00f5es quando a divulga\u00e7\u00e3o for apropriada para cumprir a lei, aplicar as pol\u00edticas do site ou proteger os direitos, a propriedade ou a seguran\u00e7a da empresa ou de terceiros.<\/p>\n<p>No entanto, informa\u00e7\u00f5es de visitantes n\u00e3o pessoalmente identific\u00e1veis podem ser fornecidas a outras partes para fins de marketing, publicidade ou outros usos.<\/p>\n<p>Links de terceiros<\/p>\n<p>Ocasionalmente, a nosso crit\u00e9rio, podemos incluir ou oferecer produtos ou servi\u00e7os de terceiros em nosso site. Esses sites de terceiros t\u00eam pol\u00edticas de privacidade separadas e independentes. Portanto, n\u00e3o temos nenhuma responsabilidade ou obriga\u00e7\u00e3o pelo conte\u00fado e pelas atividades desses sites vinculados. No entanto, procuramos proteger a integridade de nosso site e agradecemos qualquer feedback sobre esses sites.<\/p>\n<p>Google<\/p>\n<p>Os requisitos de publicidade do Google podem ser resumidos nos Princ\u00edpios de publicidade do Google. Eles s\u00e3o colocados em pr\u00e1tica para proporcionar uma experi\u00eancia positiva aos usu\u00e1rios. https:\/\/support.google.com\/adwordspolicy\/answer\/1316548?hl=en<\/p>\n<p>Usamos a publicidade do Google AdSense em nosso site.<\/p>\n<p>O Google, como fornecedor de terceiros, usa cookies para veicular an\u00fancios em nosso site. O uso do cookie DART pelo Google permite que ele veicule an\u00fancios para nossos usu\u00e1rios com base em visitas anteriores ao nosso site e a outros sites na Internet. Os usu\u00e1rios podem desativar o uso do cookie DART visitando a pol\u00edtica de privacidade da Rede de conte\u00fado e an\u00fancios do Google.<\/p>\n<p>Implementamos o seguinte:<\/p>\n<p>&#8211; Remarketing com o Google Ads<br \/>&#8211; Relat\u00f3rio de impress\u00f5es da Rede de Display do Google<br \/>&#8211; Relat\u00f3rios demogr\u00e1ficos e de interesses<br \/>&#8211; Integra\u00e7\u00e3o da plataforma DoubleClick<\/p>\n<p>N\u00f3s, juntamente com fornecedores terceirizados, como o Google, usamos cookies prim\u00e1rios (como os cookies do Google Analytics) e cookies de terceiros (como o cookie da DoubleClick) ou outros identificadores de terceiros para compilar dados referentes \u00e0s intera\u00e7\u00f5es do usu\u00e1rio com impress\u00f5es de an\u00fancios e outras fun\u00e7\u00f5es de servi\u00e7o de an\u00fancios relacionadas ao nosso site.<\/p>\n<p>Voc\u00ea pode optar por n\u00e3o participar:<\/p>\n<p>Os usu\u00e1rios podem definir as prefer\u00eancias de como o Google anuncia para voc\u00ea usando a p\u00e1gina Configura\u00e7\u00f5es de an\u00fancios do Google. Como alternativa, voc\u00ea pode optar por n\u00e3o participar visitando a p\u00e1gina de desativa\u00e7\u00e3o da Network Advertising Initiative ou usando o complemento do navegador para desativa\u00e7\u00e3o do Google Analytics.<\/p>\n<p>Lei de prote\u00e7\u00e3o \u00e0 privacidade on-line da Calif\u00f3rnia<\/p>\n<p>A CalOPPA \u00e9 a primeira lei estadual do pa\u00eds a exigir que sites comerciais e servi\u00e7os on-line publiquem uma pol\u00edtica de privacidade. O alcance da lei vai muito al\u00e9m da Calif\u00f3rnia, exigindo que qualquer pessoa ou empresa nos Estados Unidos (e possivelmente no mundo) que opere sites que coletem Informa\u00e7\u00f5es Pessoais Identific\u00e1veis de consumidores da Calif\u00f3rnia publique uma pol\u00edtica de privacidade bem vis\u00edvel em seu site, informando exatamente as informa\u00e7\u00f5es que est\u00e3o sendo coletadas e as pessoas ou empresas com as quais est\u00e3o sendo compartilhadas. &#8211; Veja mais em: http:\/\/consumercal.org\/california-online-privacy-protection-act-caloppa\/#sthash.0FdRbT51.dpuf<\/p>\n<p>De acordo com a CalOPPA, concordamos com o seguinte:<\/p>\n<p>Os usu\u00e1rios podem visitar nosso site de forma an\u00f4nima.<\/p>\n<p>Assim que essa pol\u00edtica de privacidade for criada, adicionaremos um link para ela em nossa p\u00e1gina inicial ou, no m\u00ednimo, na primeira p\u00e1gina significativa ap\u00f3s voc\u00ea entrar em nosso site.<\/p>\n<p>Nosso link da Pol\u00edtica de Privacidade inclui a palavra &#8220;Privacidade&#8221; e pode ser facilmente encontrado na p\u00e1gina especificada acima.<\/p>\n<p>Voc\u00ea ser\u00e1 notificado sobre qualquer altera\u00e7\u00e3o na Pol\u00edtica de Privacidade:<\/p>\n<p>&#8211; Em nossa p\u00e1gina de pol\u00edtica de privacidade<\/p>\n<p>Voc\u00ea pode alterar suas informa\u00e7\u00f5es pessoais:<\/p>\n<p>&#8211; Ligando para n\u00f3s<\/p>\n<p>Como nosso site lida com os sinais de N\u00e3o rastrear?<\/p>\n<p>Respeitamos os sinais de N\u00e3o Rastrear e N\u00e3o Rastrear, plantamos cookies ou usamos publicidade quando um mecanismo de navegador de N\u00e3o Rastrear (DNT) est\u00e1 em vigor.<\/p>\n<p>Nosso site permite o rastreamento comportamental de terceiros?<\/p>\n<p>Tamb\u00e9m \u00e9 importante observar que permitimos o rastreamento comportamental de terceiros<\/p>\n<p>COPPA (Lei de Prote\u00e7\u00e3o \u00e0 Privacidade Online das Crian\u00e7as)<\/p>\n<p>Quando se trata da coleta de informa\u00e7\u00f5es pessoais de crian\u00e7as com menos de 13 anos de idade, a COPPA (Children&#8217;s Online Privacy Protection Act) coloca os pais no controle. A Federal Trade Commission, ag\u00eancia de prote\u00e7\u00e3o ao consumidor dos Estados Unidos, aplica a Regra COPPA, que define o que os operadores de sites e servi\u00e7os on-line devem fazer para proteger a privacidade e a seguran\u00e7a das crian\u00e7as on-line.<\/p>\n<p>N\u00e3o comercializamos especificamente para crian\u00e7as com menos de 13 anos de idade.<\/p>\n<p>Pr\u00e1ticas justas de informa\u00e7\u00e3o<\/p>\n<p>Os Princ\u00edpios de Pr\u00e1ticas Justas de Informa\u00e7\u00e3o formam a espinha dorsal da lei de privacidade nos Estados Unidos e os conceitos que eles incluem t\u00eam desempenhado um papel significativo no desenvolvimento de leis de prote\u00e7\u00e3o de dados em todo o mundo. Compreender os Princ\u00edpios de Pr\u00e1ticas Justas de Informa\u00e7\u00e3o e como eles devem ser implementados \u00e9 fundamental para que voc\u00ea esteja em conformidade com as diversas leis de privacidade que protegem as informa\u00e7\u00f5es pessoais.<\/p>\n<p>Para estarmos alinhados com as Pr\u00e1ticas Justas de Informa\u00e7\u00e3o, tomaremos as seguintes medidas responsivas, caso ocorra uma viola\u00e7\u00e3o de dados:<\/p>\n<p>Notificaremos os usu\u00e1rios por meio de notifica\u00e7\u00e3o no local<\/p>\n<p>&#8211; Dentro de 7 dias \u00fateis<\/p>\n<p>Tamb\u00e9m concordamos com o Princ\u00edpio de Repara\u00e7\u00e3o Individual, que exige que os indiv\u00edduos tenham o direito de buscar legalmente direitos aplic\u00e1veis contra coletores e processadores de dados que n\u00e3o cumpram a lei. Esse princ\u00edpio exige n\u00e3o apenas que os indiv\u00edduos tenham direitos execut\u00e1veis contra os usu\u00e1rios de dados, mas tamb\u00e9m que os indiv\u00edduos recorram a tribunais ou ag\u00eancias governamentais para investigar e\/ou processar a n\u00e3o conformidade dos processadores de dados.<\/p>\n<p>Lei CAN SPAM<\/p>\n<p>A Lei CAN-SPAM \u00e9 uma lei que define as regras para e-mail comercial, estabelece requisitos para mensagens comerciais, d\u00e1 aos destinat\u00e1rios o direito de impedir que e-mails sejam enviados a eles e define penalidades severas para viola\u00e7\u00f5es.<\/p>\n<p>Coletamos seu endere\u00e7o de e-mail para que voc\u00ea possa:<\/p>\n<p>&#8211; Enviar informa\u00e7\u00f5es, responder a consultas e\/ou outras solicita\u00e7\u00f5es ou perguntas<br \/>&#8211; Processar pedidos e enviar informa\u00e7\u00f5es e atualiza\u00e7\u00f5es referentes aos pedidos.<br \/>&#8211; Enviar a voc\u00ea informa\u00e7\u00f5es adicionais relacionadas ao seu produto e\/ou servi\u00e7o<br \/>&#8211; Comercializar para nossa lista de mala direta ou continuar a enviar e-mails para nossos clientes ap\u00f3s a transa\u00e7\u00e3o original ter ocorrido.<\/p>\n<p>Para estarmos de acordo com a CANSPAM, concordamos com o seguinte:<\/p>\n<p>&#8211; N\u00e3o usar assuntos ou endere\u00e7os de e-mail falsos ou enganosos.<br \/>&#8211; Identifique a mensagem como um an\u00fancio de alguma forma razo\u00e1vel.<br \/>&#8211; Inclua o endere\u00e7o f\u00edsico de nossa sede comercial ou local.<br \/>&#8211; Monitore os servi\u00e7os de marketing por e-mail de terceiros quanto \u00e0 conformidade, caso sejam utilizados.<br \/>&#8211; Atenda rapidamente \u00e0s solicita\u00e7\u00f5es de opt-out\/cancelamento de assinatura.<br \/>&#8211; Permita que os usu\u00e1rios cancelem a assinatura usando o link na parte inferior de cada e-mail.<\/p>\n<p>Se, a qualquer momento, voc\u00ea desejar cancelar o recebimento de futuros e-mails, poder\u00e1 enviar um e-mail para<\/p>\n<p>&#8211; Siga as instru\u00e7\u00f5es na parte inferior de cada e-mail.<\/p>\n<p>e n\u00f3s removeremos voc\u00ea imediatamente de TODA a correspond\u00eancia.<\/p>\n<p>Como entrar em contato conosco<\/p>\n<p>Se tiver alguma d\u00favida sobre esta pol\u00edtica de privacidade, voc\u00ea pode entrar em contato conosco em nossa p\u00e1gina de contato.<\/p>\n<p>\u00daltima edi\u00e7\u00e3o em 6-10-2022<\/p>\n\t\t\t\t\t\t<\/div>\n\t\t\t\t<\/div>\n\t\t\t\t\t<\/div>\n\t\t<\/div>\n\t\t\t\t\t<\/div>\n\t\t<\/section>\n\t\t\t\t<\/div>\n\t\t","protected":false},"excerpt":{"rendered":"<p>Pol\u00edtica de privacidade Esta pol\u00edtica de privacidade foi compilada para melhor atender \u00e0queles que est\u00e3o preocupados com a forma como suas &#8220;Informa\u00e7\u00f5es Pessoais Identific\u00e1veis&#8221; (IPI) est\u00e3o sendo usadas on-line. As PII, conforme descrito na lei de privacidade e seguran\u00e7a da informa\u00e7\u00e3o dos EUA, s\u00e3o informa\u00e7\u00f5es que podem ser usadas isoladamente ou com outras informa\u00e7\u00f5es para [&hellip;]<\/p>\n","protected":false},"author":2,"featured_media":0,"parent":0,"menu_order":0,"comment_status":"closed","ping_status":"open","template":"elementor_header_footer","meta":{"_genesis_hide_title":false,"_genesis_hide_breadcrumbs":false,"_genesis_hide_singular_image":false,"_genesis_hide_footer_widgets":false,"_genesis_custom_body_class":"","_genesis_custom_post_class":"","_genesis_layout":"","footnotes":""},"class_list":{"0":"post-9542","1":"page","2":"type-page","3":"status-publish","5":"entry"},"yoast_head":"<!-- This site is optimized with the Yoast SEO plugin v23.8 - https:\/\/yoast.com\/wordpress\/plugins\/seo\/ -->\n<title>Pol\u00edtica de privacidade &#8226; Lopsang<\/title>\n<meta name=\"robots\" content=\"index, follow, max-snippet:-1, max-image-preview:large, max-video-preview:-1\" \/>\n<link rel=\"canonical\" href=\"https:\/\/lopsangcountertops.com\/pt-br\/politica-de-privacidade\/\" \/>\n<meta property=\"og:locale\" content=\"pt_BR\" \/>\n<meta property=\"og:type\" content=\"article\" \/>\n<meta property=\"og:title\" content=\"Pol\u00edtica de privacidade &#8226; Lopsang\" \/>\n<meta property=\"og:description\" content=\"Pol\u00edtica de privacidade Esta pol\u00edtica de privacidade foi compilada para melhor atender \u00e0queles que est\u00e3o preocupados com a forma como suas &#8220;Informa\u00e7\u00f5es Pessoais Identific\u00e1veis&#8221; (IPI) est\u00e3o sendo usadas on-line. As PII, conforme descrito na lei de privacidade e seguran\u00e7a da informa\u00e7\u00e3o dos EUA, s\u00e3o informa\u00e7\u00f5es que podem ser usadas isoladamente ou com outras informa\u00e7\u00f5es para [&hellip;]\" \/>\n<meta property=\"og:url\" content=\"https:\/\/lopsangcountertops.com\/pt-br\/politica-de-privacidade\/\" \/>\n<meta property=\"og:site_name\" content=\"Lopsang\" \/>\n<meta property=\"article:modified_time\" content=\"2024-06-07T15:35:54+00:00\" \/>\n<meta name=\"twitter:card\" content=\"summary_large_image\" \/>\n<meta name=\"twitter:label1\" content=\"Est. tempo de leitura\" \/>\n\t<meta name=\"twitter:data1\" content=\"11 minutos\" \/>\n<script type=\"application\/ld+json\" class=\"yoast-schema-graph\">{\"@context\":\"https:\/\/schema.org\",\"@graph\":[{\"@type\":\"WebPage\",\"@id\":\"https:\/\/lopsangcountertops.com\/pt-br\/politica-de-privacidade\/\",\"url\":\"https:\/\/lopsangcountertops.com\/pt-br\/politica-de-privacidade\/\",\"name\":\"Pol\u00edtica de privacidade &#8226; Lopsang\",\"isPartOf\":{\"@id\":\"https:\/\/lopsangcountertops.com\/pt-br\/#website\"},\"datePublished\":\"2022-05-05T09:34:16+00:00\",\"dateModified\":\"2024-06-07T15:35:54+00:00\",\"breadcrumb\":{\"@id\":\"https:\/\/lopsangcountertops.com\/pt-br\/politica-de-privacidade\/#breadcrumb\"},\"inLanguage\":\"pt-BR\",\"potentialAction\":[{\"@type\":\"ReadAction\",\"target\":[\"https:\/\/lopsangcountertops.com\/pt-br\/politica-de-privacidade\/\"]}]},{\"@type\":\"BreadcrumbList\",\"@id\":\"https:\/\/lopsangcountertops.com\/pt-br\/politica-de-privacidade\/#breadcrumb\",\"itemListElement\":[{\"@type\":\"ListItem\",\"position\":1,\"name\":\"Home\",\"item\":\"https:\/\/lopsangcountertops.com\/pt-br\/\"},{\"@type\":\"ListItem\",\"position\":2,\"name\":\"Pol\u00edtica de privacidade\"}]},{\"@type\":\"WebSite\",\"@id\":\"https:\/\/lopsangcountertops.com\/pt-br\/#website\",\"url\":\"https:\/\/lopsangcountertops.com\/pt-br\/\",\"name\":\"Lopsang\",\"description\":\"Serving with integrity\",\"potentialAction\":[{\"@type\":\"SearchAction\",\"target\":{\"@type\":\"EntryPoint\",\"urlTemplate\":\"https:\/\/lopsangcountertops.com\/pt-br\/?s={search_term_string}\"},\"query-input\":{\"@type\":\"PropertyValueSpecification\",\"valueRequired\":true,\"valueName\":\"search_term_string\"}}],\"inLanguage\":\"pt-BR\"}]}<\/script>\n<!-- \/ Yoast SEO plugin. -->","yoast_head_json":{"title":"Pol\u00edtica de privacidade &#8226; Lopsang","robots":{"index":"index","follow":"follow","max-snippet":"max-snippet:-1","max-image-preview":"max-image-preview:large","max-video-preview":"max-video-preview:-1"},"canonical":"https:\/\/lopsangcountertops.com\/pt-br\/politica-de-privacidade\/","og_locale":"pt_BR","og_type":"article","og_title":"Pol\u00edtica de privacidade &#8226; Lopsang","og_description":"Pol\u00edtica de privacidade Esta pol\u00edtica de privacidade foi compilada para melhor atender \u00e0queles que est\u00e3o preocupados com a forma como suas &#8220;Informa\u00e7\u00f5es Pessoais Identific\u00e1veis&#8221; (IPI) est\u00e3o sendo usadas on-line. As PII, conforme descrito na lei de privacidade e seguran\u00e7a da informa\u00e7\u00e3o dos EUA, s\u00e3o informa\u00e7\u00f5es que podem ser usadas isoladamente ou com outras informa\u00e7\u00f5es para [&hellip;]","og_url":"https:\/\/lopsangcountertops.com\/pt-br\/politica-de-privacidade\/","og_site_name":"Lopsang","article_modified_time":"2024-06-07T15:35:54+00:00","twitter_card":"summary_large_image","twitter_misc":{"Est. tempo de leitura":"11 minutos"},"schema":{"@context":"https:\/\/schema.org","@graph":[{"@type":"WebPage","@id":"https:\/\/lopsangcountertops.com\/pt-br\/politica-de-privacidade\/","url":"https:\/\/lopsangcountertops.com\/pt-br\/politica-de-privacidade\/","name":"Pol\u00edtica de privacidade &#8226; Lopsang","isPartOf":{"@id":"https:\/\/lopsangcountertops.com\/pt-br\/#website"},"datePublished":"2022-05-05T09:34:16+00:00","dateModified":"2024-06-07T15:35:54+00:00","breadcrumb":{"@id":"https:\/\/lopsangcountertops.com\/pt-br\/politica-de-privacidade\/#breadcrumb"},"inLanguage":"pt-BR","potentialAction":[{"@type":"ReadAction","target":["https:\/\/lopsangcountertops.com\/pt-br\/politica-de-privacidade\/"]}]},{"@type":"BreadcrumbList","@id":"https:\/\/lopsangcountertops.com\/pt-br\/politica-de-privacidade\/#breadcrumb","itemListElement":[{"@type":"ListItem","position":1,"name":"Home","item":"https:\/\/lopsangcountertops.com\/pt-br\/"},{"@type":"ListItem","position":2,"name":"Pol\u00edtica de privacidade"}]},{"@type":"WebSite","@id":"https:\/\/lopsangcountertops.com\/pt-br\/#website","url":"https:\/\/lopsangcountertops.com\/pt-br\/","name":"Lopsang","description":"Serving with integrity","potentialAction":[{"@type":"SearchAction","target":{"@type":"EntryPoint","urlTemplate":"https:\/\/lopsangcountertops.com\/pt-br\/?s={search_term_string}"},"query-input":{"@type":"PropertyValueSpecification","valueRequired":true,"valueName":"search_term_string"}}],"inLanguage":"pt-BR"}]}},"_links":{"self":[{"href":"https:\/\/lopsangcountertops.com\/pt-br\/wp-json\/wp\/v2\/pages\/9542","targetHints":{"allow":["GET"]}}],"collection":[{"href":"https:\/\/lopsangcountertops.com\/pt-br\/wp-json\/wp\/v2\/pages"}],"about":[{"href":"https:\/\/lopsangcountertops.com\/pt-br\/wp-json\/wp\/v2\/types\/page"}],"author":[{"embeddable":true,"href":"https:\/\/lopsangcountertops.com\/pt-br\/wp-json\/wp\/v2\/users\/2"}],"replies":[{"embeddable":true,"href":"https:\/\/lopsangcountertops.com\/pt-br\/wp-json\/wp\/v2\/comments?post=9542"}],"version-history":[{"count":2,"href":"https:\/\/lopsangcountertops.com\/pt-br\/wp-json\/wp\/v2\/pages\/9542\/revisions"}],"predecessor-version":[{"id":9544,"href":"https:\/\/lopsangcountertops.com\/pt-br\/wp-json\/wp\/v2\/pages\/9542\/revisions\/9544"}],"wp:attachment":[{"href":"https:\/\/lopsangcountertops.com\/pt-br\/wp-json\/wp\/v2\/media?parent=9542"}],"curies":[{"name":"wp","href":"https:\/\/api.w.org\/{rel}","templated":true}]}}