{"id":9537,"date":"2022-05-05T09:34:16","date_gmt":"2022-05-05T09:34:16","guid":{"rendered":"https:\/\/lopsangcountertops.com\/politica-de-privacidad\/"},"modified":"2024-06-07T15:35:54","modified_gmt":"2024-06-07T15:35:54","slug":"politica-de-privacidad","status":"publish","type":"page","link":"https:\/\/lopsangcountertops.com\/es\/politica-de-privacidad\/","title":{"rendered":"Pol\u00edtica de privacidad"},"content":{"rendered":"\t\t<div data-elementor-type=\"wp-page\" data-elementor-id=\"9537\" class=\"elementor elementor-9537 elementor-3\" data-elementor-post-type=\"page\">\n\t\t\t\t\t\t<section class=\"elementor-section elementor-top-section elementor-element elementor-element-d3e418d elementor-section-stretched elementor-section-boxed elementor-section-height-default elementor-section-height-default\" data-id=\"d3e418d\" data-element_type=\"section\" data-settings=\"{&quot;stretch_section&quot;:&quot;section-stretched&quot;,&quot;background_background&quot;:&quot;classic&quot;}\">\n\t\t\t\t\t\t\t<div class=\"elementor-background-overlay\"><\/div>\n\t\t\t\t\t\t\t<div class=\"elementor-container elementor-column-gap-default\">\n\t\t\t\t\t<div class=\"elementor-column elementor-col-100 elementor-top-column elementor-element elementor-element-d4c5490\" data-id=\"d4c5490\" data-element_type=\"column\">\n\t\t\t<div class=\"elementor-widget-wrap elementor-element-populated\">\n\t\t\t\t\t\t<div class=\"elementor-element elementor-element-46bde4b elementor-widget elementor-widget-heading\" data-id=\"46bde4b\" data-element_type=\"widget\" data-widget_type=\"heading.default\">\n\t\t\t\t<div class=\"elementor-widget-container\">\n\t\t\t<h1 class=\"elementor-heading-title elementor-size-default\">Pol\u00edtica de privacidad<\/h1>\t\t<\/div>\n\t\t\t\t<\/div>\n\t\t\t\t\t<\/div>\n\t\t<\/div>\n\t\t\t\t\t<\/div>\n\t\t<\/section>\n\t\t\t\t<section class=\"elementor-section elementor-top-section elementor-element elementor-element-da4df76 elementor-section-stretched elementor-section-boxed elementor-section-height-default elementor-section-height-default\" data-id=\"da4df76\" data-element_type=\"section\" data-settings=\"{&quot;stretch_section&quot;:&quot;section-stretched&quot;}\">\n\t\t\t\t\t\t<div class=\"elementor-container elementor-column-gap-default\">\n\t\t\t\t\t<div class=\"elementor-column elementor-col-100 elementor-top-column elementor-element elementor-element-5e6fa03\" data-id=\"5e6fa03\" data-element_type=\"column\">\n\t\t\t<div class=\"elementor-widget-wrap elementor-element-populated\">\n\t\t\t\t\t\t<div class=\"elementor-element elementor-element-c1449cd elementor-widget elementor-widget-text-editor\" data-id=\"c1449cd\" data-element_type=\"widget\" data-widget_type=\"text-editor.default\">\n\t\t\t\t<div class=\"elementor-widget-container\">\n\t\t\t\t\t\t\t<p>Esta pol\u00edtica de privacidad se ha elaborado para servir mejor a quienes se preocupan por el uso que se hace en l\u00ednea de su \u00abInformaci\u00f3n personal identificable\u00bb (IPI). La IIP, tal y como se describe en la legislaci\u00f3n estadounidense sobre privacidad y seguridad de la informaci\u00f3n, es informaci\u00f3n que puede utilizarse por s\u00ed sola o con otra informaci\u00f3n para identificar, contactar o localizar a una sola persona, o para identificar a un individuo en su contexto. Lee atentamente nuestra pol\u00edtica de privacidad para tener una idea clara de c\u00f3mo recogemos, utilizamos, protegemos o tratamos de otro modo tus Datos de Identificaci\u00f3n Personal de acuerdo con nuestro sitio web.<\/p>\n<p>\u00bfQu\u00e9 informaci\u00f3n personal recogemos de las personas que visitan nuestro blog, sitio web o aplicaci\u00f3n?<\/p>\n<p>Al hacer un pedido o registrarte en nuestro sitio, seg\u00fan proceda, se te puede pedir que introduzcas tu nombre, direcci\u00f3n de correo electr\u00f3nico, n\u00famero de tel\u00e9fono u otros datos que te ayuden en tu experiencia.<\/p>\n<p>\u00bfCu\u00e1ndo recogemos informaci\u00f3n?<\/p>\n<p>Recogemos informaci\u00f3n sobre ti cuando te suscribes a un bolet\u00edn, rellenas un formulario o introduces informaci\u00f3n en nuestro sitio.<\/p>\n<p>Proporcionarnos opiniones sobre nuestros productos o servicios<\/p>\n<p>\u00bfC\u00f3mo utilizamos tu informaci\u00f3n?<\/p>\n<p>Podemos utilizar la informaci\u00f3n que recopilamos de ti cuando te registras, realizas una compra, te suscribes a nuestro bolet\u00edn de noticias, respondes a una encuesta o a una comunicaci\u00f3n de marketing, navegas por el sitio web o utilizas otras funciones del sitio de las siguientes formas:<\/p>\n<p>&#8211; Para personalizar tu experiencia y permitirnos ofrecerte el tipo de contenido y ofertas de productos que m\u00e1s te interesan.<br \/>&#8211; Para mejorar nuestro sitio web con el fin de prestarte un mejor servicio.<br \/>&#8211; Para permitirnos prestarte un mejor servicio al responder a tus solicitudes de atenci\u00f3n al cliente.<br \/>&#8211; Para pedir valoraciones y rese\u00f1as de servicios o productos<br \/>&#8211; Para hacer un seguimiento despu\u00e9s de la correspondencia (chat en directo, correo electr\u00f3nico o consultas telef\u00f3nicas)<\/p>\n<p>\u00bfC\u00f3mo protegemos tu informaci\u00f3n?<\/p>\n<p>No utilizamos escaneado de vulnerabilidades ni escaneado seg\u00fan las normas PCI.<\/p>\n<p>S\u00f3lo proporcionamos art\u00edculos e informaci\u00f3n. Nunca pedimos n\u00fameros de tarjetas de cr\u00e9dito.<\/p>\n<p>Realizamos an\u00e1lisis peri\u00f3dicos de malware.<\/p>\n<p>Tu informaci\u00f3n personal est\u00e1 contenida detr\u00e1s de redes seguras y s\u00f3lo es accesible por un n\u00famero limitado de personas que tienen derechos especiales de acceso a dichos sistemas, y est\u00e1n obligadas a mantener la confidencialidad de la informaci\u00f3n. Adem\u00e1s, toda la informaci\u00f3n sensible\/de cr\u00e9dito que facilites se encripta mediante la tecnolog\u00eda Secure Socket Layer (SSL).<\/p>\n<p>Aplicamos diversas medidas de seguridad cuando un usuario introduce, env\u00eda o accede a su informaci\u00f3n para mantener la seguridad de tu informaci\u00f3n personal.<\/p>\n<p>Todas las transacciones se procesan a trav\u00e9s de un proveedor de pasarela y no se almacenan ni procesan en nuestros servidores.<\/p>\n<p>\u00bfUtilizamos \u00abcookies\u00bb?<\/p>\n<p>S\u00ed. Las cookies son peque\u00f1os archivos que un sitio o su proveedor de servicios transfiere al disco duro de tu ordenador a trav\u00e9s de tu navegador web (si lo permites) y que permiten a los sistemas del sitio o del proveedor de servicios reconocer tu navegador y capturar y recordar cierta informaci\u00f3n. Por ejemplo, utilizamos cookies para ayudarnos a recordar y procesar los art\u00edculos de tu cesta de la compra. Tambi\u00e9n se utilizan para ayudarnos a comprender tus preferencias basadas en la actividad previa o actual del sitio, lo que nos permite ofrecerte servicios mejorados. Tambi\u00e9n utilizamos cookies para ayudarnos a recopilar datos agregados sobre el tr\u00e1fico y la interacci\u00f3n del sitio, de modo que podamos ofrecer mejores experiencias y herramientas del sitio en el futuro.<\/p>\n<p>Utilizamos cookies para:<\/p>\n<p>&#8211; Ayuda a recordar y procesar los art\u00edculos de la cesta de la compra.<br \/>&#8211; Comprender y guardar las preferencias del usuario para futuras visitas.<br \/>&#8211; Haz un seguimiento de los anuncios.<br \/>&#8211; Recopilar datos agregados sobre el tr\u00e1fico y las interacciones del sitio para ofrecer mejores experiencias y herramientas del sitio en el futuro. Tambi\u00e9n podemos utilizar servicios de terceros de confianza que rastreen esta informaci\u00f3n en nuestro nombre.<\/p>\n<p>Puedes elegir que tu ordenador te avise cada vez que se env\u00ede una cookie, o puedes elegir desactivar todas las cookies. Lo haces a trav\u00e9s de la configuraci\u00f3n de tu navegador. Puesto que los navegadores son un poco diferentes, consulta el men\u00fa Ayuda de tu navegador para conocer la forma correcta de modificar las cookies.<\/p>\n<p>Si desactivas las cookies, no afectar\u00e1 a la experiencia del usuario .<\/p>\n<p>Divulgaci\u00f3n a terceros<\/p>\n<p>No vendemos, intercambiamos ni transferimos a terceros tus Datos de Identificaci\u00f3n Personal a menos que avisemos a los usuarios con antelaci\u00f3n. Esto no incluye a los socios de alojamiento del sitio web y otras partes que nos ayudan a gestionar nuestro sitio web, llevar a cabo nuestro negocio o servir a nuestros usuarios, siempre que dichas partes acepten mantener la confidencialidad de esta informaci\u00f3n. Tambi\u00e9n podemos divulgar informaci\u00f3n cuando su divulgaci\u00f3n sea apropiada para cumplir la ley, hacer cumplir las pol\u00edticas de nuestro sitio o proteger nuestros derechos, propiedad o seguridad o los de otros.<\/p>\n<p>Sin embargo, la informaci\u00f3n no identificable personalmente del visitante puede ser proporcionada a otras partes para fines de marketing, publicidad u otros usos.<\/p>\n<p>Enlaces de terceros<\/p>\n<p>Ocasionalmente, a nuestra discreci\u00f3n, podemos incluir u ofrecer productos o servicios de terceros en nuestro sitio web. Estos sitios de terceros tienen pol\u00edticas de privacidad separadas e independientes. Por lo tanto, no tenemos ninguna responsabilidad sobre el contenido y las actividades de estos sitios enlazados. No obstante, tratamos de proteger la integridad de nuestro sitio y agradecemos cualquier comentario sobre estos sitios.<\/p>\n<p>Google<\/p>\n<p>Los requisitos publicitarios de Google pueden resumirse en los Principios publicitarios de Google. Se ponen en marcha para proporcionar una experiencia positiva a los usuarios. https:\/\/support.google.com\/adwordspolicy\/answer\/1316548?hl=en<\/p>\n<p>Utilizamos publicidad de Google AdSense en nuestro sitio web.<\/p>\n<p>Google, como proveedor externo, utiliza cookies para publicar anuncios en nuestro sitio. El uso que hace Google de la cookie de DART le permite ofrecer anuncios a nuestros usuarios basados en visitas anteriores a nuestro sitio y a otros sitios de Internet. Los usuarios pueden inhabilitar el uso de la cookie de DART visitando la pol\u00edtica de privacidad de la Red de Publicidad y Contenido de Google.<\/p>\n<p>Hemos implementado lo siguiente:<\/p>\n<p>&#8211; Remarketing con Google Ads<br \/>&#8211; Informes de impresiones de la Red de Display de Google<br \/>&#8211; Informes demogr\u00e1ficos y de intereses<br \/>&#8211; Integraci\u00f3n de la plataforma DoubleClick<\/p>\n<p>Nosotros, junto con proveedores externos como Google, utilizamos cookies de origen (como las cookies de Google Analytics) y cookies de terceros (como la cookie de DoubleClick) u otros identificadores de terceros para recopilar datos relativos a las interacciones de los usuarios con las impresiones de anuncios y otras funciones de servicios publicitarios en relaci\u00f3n con nuestro sitio web.<\/p>\n<p>Exclusi\u00f3n voluntaria:<\/p>\n<p>Los usuarios pueden establecer sus preferencias sobre la forma en que Google les anuncia mediante la p\u00e1gina Configuraci\u00f3n de anuncios de Google. Alternativamente, puedes excluirte visitando la p\u00e1gina de exclusi\u00f3n de la Iniciativa publicitaria en red o utilizando el complemento del navegador de exclusi\u00f3n de Google Analytics.<\/p>\n<p>Ley de Protecci\u00f3n de la Privacidad en Internet de California<\/p>\n<p>La CalOPPA es la primera ley estatal del pa\u00eds que exige que los sitios web comerciales y los servicios en l\u00ednea publiquen una pol\u00edtica de privacidad. El alcance de la ley se extiende mucho m\u00e1s all\u00e1 de California para exigir a cualquier persona o empresa de Estados Unidos (y posiblemente del mundo) que gestione sitios web que recopilen Datos de Identificaci\u00f3n Personal de consumidores de California que publique en su sitio web una pol\u00edtica de privacidad bien visible en la que se indique exactamente la informaci\u00f3n que se recopila y las personas o empresas con las que se comparte. &#8211; Ver m\u00e1s en: http:\/\/consumercal.org\/california-online-privacy-protection-act-caloppa\/#sthash.0FdRbT51.dpuf<\/p>\n<p>Seg\u00fan la CalOPPA, estamos de acuerdo con lo siguiente:<\/p>\n<p>Los usuarios pueden visitar nuestro sitio de forma an\u00f3nima.<\/p>\n<p>Una vez creada esta pol\u00edtica de privacidad, a\u00f1adiremos un enlace a ella en nuestra p\u00e1gina de inicio o, como m\u00ednimo, en la primera p\u00e1gina significativa tras entrar en nuestro sitio web.<\/p>\n<p>Nuestro enlace a la Pol\u00edtica de privacidad incluye la palabra \u00abPrivacidad\u00bb y se puede encontrar f\u00e1cilmente en la p\u00e1gina especificada anteriormente.<\/p>\n<p>Se te notificar\u00e1 cualquier cambio en la Pol\u00edtica de Privacidad:<\/p>\n<p>&#8211; En nuestra p\u00e1gina de Pol\u00edtica de privacidad<\/p>\n<p>Puedes modificar tus datos personales:<\/p>\n<p>&#8211; Llam\u00e1ndonos<\/p>\n<p>\u00bfC\u00f3mo gestiona nuestro sitio las se\u00f1ales \u00abNo seguir\u00bb?<\/p>\n<p>Respetamos las se\u00f1ales de Do Not Track (No seguir) y no rastreamos, plantamos cookies ni utilizamos publicidad cuando existe un mecanismo de Do Not Track (DNT) en el navegador.<\/p>\n<p>\u00bfPermite nuestro sitio el seguimiento del comportamiento por parte de terceros?<\/p>\n<p>Tambi\u00e9n es importante tener en cuenta que permitimos el seguimiento del comportamiento por parte de terceros<\/p>\n<p>COPPA (Ley de Protecci\u00f3n de la Privacidad Infantil en Internet)<\/p>\n<p>Cuando se trata de la recogida de informaci\u00f3n personal de ni\u00f1os menores de 13 a\u00f1os, la Ley de Protecci\u00f3n de la Privacidad Infantil en Internet (COPPA) pone a los padres al mando. La Comisi\u00f3n Federal de Comercio, la agencia de protecci\u00f3n del consumidor de Estados Unidos, hace cumplir la Norma COPPA, que establece lo que deben hacer los operadores de sitios web y servicios en l\u00ednea para proteger la intimidad y la seguridad de los ni\u00f1os en l\u00ednea.<\/p>\n<p>No comercializamos espec\u00edficamente con ni\u00f1os menores de 13 a\u00f1os.<\/p>\n<p>Pr\u00e1cticas justas de informaci\u00f3n<\/p>\n<p>Los Principios de Pr\u00e1cticas de Informaci\u00f3n Justas constituyen la columna vertebral de la legislaci\u00f3n sobre privacidad en Estados Unidos y los conceptos que incluyen han desempe\u00f1ado un papel importante en el desarrollo de las leyes de protecci\u00f3n de datos en todo el mundo. Comprender los Principios de Pr\u00e1cticas Leales de Informaci\u00f3n y c\u00f3mo deben aplicarse es fundamental para cumplir las distintas leyes de privacidad que protegen la informaci\u00f3n personal.<\/p>\n<p>Para estar en consonancia con las Pr\u00e1cticas de Informaci\u00f3n Justas, tomaremos las siguientes medidas de respuesta, en caso de que se produzca una violaci\u00f3n de datos:<\/p>\n<p>Avisaremos a los usuarios mediante notificaci\u00f3n in situ<\/p>\n<p>&#8211; En 7 d\u00edas laborables<\/p>\n<p>Tambi\u00e9n estamos de acuerdo con el Principio de reparaci\u00f3n individual, que exige que las personas tengan derecho a ejercer legalmente derechos exigibles contra los recopiladores y procesadores de datos que no cumplan la ley. Este principio exige no s\u00f3lo que los particulares tengan derechos exigibles frente a los usuarios de datos, sino tambi\u00e9n que puedan recurrir a los tribunales o a los organismos gubernamentales para investigar y\/o perseguir el incumplimiento por parte de los procesadores de datos.<\/p>\n<p>Ley CAN SPAM<\/p>\n<p>La Ley CAN-SPAM es una ley que fija las normas para el correo electr\u00f3nico comercial, establece requisitos para los mensajes comerciales, otorga a los destinatarios el derecho a que se les impida el env\u00edo de correos electr\u00f3nicos y establece duras penas para las infracciones.<\/p>\n<p>Recogemos tu direcci\u00f3n de correo electr\u00f3nico para<\/p>\n<p>&#8211; Enviar informaci\u00f3n, responder a consultas y\/u otras peticiones o preguntas<br \/>&#8211; Procesar pedidos y enviar informaci\u00f3n y actualizaciones relativas a los pedidos.<br \/>&#8211; Enviarte informaci\u00f3n adicional relacionada con tu producto y\/o servicio<br \/>&#8211; Comercializar con nuestra lista de correo o seguir enviando correos electr\u00f3nicos a nuestros clientes despu\u00e9s de que se haya producido la transacci\u00f3n original.<\/p>\n<p>Para estar de acuerdo con CANSPAM, aceptamos lo siguiente:<\/p>\n<p>&#8211; No utilizar asuntos o direcciones de correo electr\u00f3nico falsos o enga\u00f1osos.<br \/>&#8211; Identifica el mensaje como un anuncio de alguna forma razonable.<br \/>&#8211; Incluye la direcci\u00f3n f\u00edsica de la sede de nuestra empresa o centro.<br \/>&#8211; Supervisar el cumplimiento de los servicios de marketing por correo electr\u00f3nico de terceros, si se utilizan.<br \/>&#8211; Respeta r\u00e1pidamente las solicitudes de exclusi\u00f3n\/cancelaci\u00f3n de suscripci\u00f3n.<br \/>&#8211; Permite a los usuarios darse de baja utilizando el enlace que aparece al final de cada correo electr\u00f3nico.<\/p>\n<p>Si en alg\u00fan momento quieres darte de baja para no recibir m\u00e1s correos electr\u00f3nicos, puedes enviarnos un correo electr\u00f3nico a<\/p>\n<p>&#8211; Sigue las instrucciones que aparecen al final de cada correo electr\u00f3nico.<\/p>\n<p>y te eliminaremos r\u00e1pidamente de TODA la correspondencia.<\/p>\n<p>Contactar con nosotros<\/p>\n<p>Si tienes alguna pregunta sobre esta pol\u00edtica de privacidad, puedes ponerte en contacto con nosotros en nuestra p\u00e1gina de contacto.<\/p>\n<p>\u00daltima edici\u00f3n el 6-10-2022<\/p>\n\t\t\t\t\t\t<\/div>\n\t\t\t\t<\/div>\n\t\t\t\t\t<\/div>\n\t\t<\/div>\n\t\t\t\t\t<\/div>\n\t\t<\/section>\n\t\t\t\t<\/div>\n\t\t","protected":false},"excerpt":{"rendered":"<p>Pol\u00edtica de privacidad Esta pol\u00edtica de privacidad se ha elaborado para servir mejor a quienes se preocupan por el uso que se hace en l\u00ednea de su \u00abInformaci\u00f3n personal identificable\u00bb (IPI). La IIP, tal y como se describe en la legislaci\u00f3n estadounidense sobre privacidad y seguridad de la informaci\u00f3n, es informaci\u00f3n que puede utilizarse por [&hellip;]<\/p>\n","protected":false},"author":2,"featured_media":0,"parent":0,"menu_order":0,"comment_status":"closed","ping_status":"open","template":"elementor_header_footer","meta":{"_genesis_hide_title":false,"_genesis_hide_breadcrumbs":false,"_genesis_hide_singular_image":false,"_genesis_hide_footer_widgets":false,"_genesis_custom_body_class":"","_genesis_custom_post_class":"","_genesis_layout":"","footnotes":""},"class_list":{"0":"post-9537","1":"page","2":"type-page","3":"status-publish","5":"entry"},"yoast_head":"<!-- This site is optimized with the Yoast SEO plugin v23.8 - https:\/\/yoast.com\/wordpress\/plugins\/seo\/ -->\n<title>Pol\u00edtica de privacidad &#8226; Lopsang<\/title>\n<meta name=\"robots\" content=\"index, follow, max-snippet:-1, max-image-preview:large, max-video-preview:-1\" \/>\n<link rel=\"canonical\" href=\"https:\/\/lopsangcountertops.com\/es\/politica-de-privacidad\/\" \/>\n<meta property=\"og:locale\" content=\"es_ES\" \/>\n<meta property=\"og:type\" content=\"article\" \/>\n<meta property=\"og:title\" content=\"Pol\u00edtica de privacidad &#8226; Lopsang\" \/>\n<meta property=\"og:description\" content=\"Pol\u00edtica de privacidad Esta pol\u00edtica de privacidad se ha elaborado para servir mejor a quienes se preocupan por el uso que se hace en l\u00ednea de su \u00abInformaci\u00f3n personal identificable\u00bb (IPI). La IIP, tal y como se describe en la legislaci\u00f3n estadounidense sobre privacidad y seguridad de la informaci\u00f3n, es informaci\u00f3n que puede utilizarse por [&hellip;]\" \/>\n<meta property=\"og:url\" content=\"https:\/\/lopsangcountertops.com\/es\/politica-de-privacidad\/\" \/>\n<meta property=\"og:site_name\" content=\"Lopsang\" \/>\n<meta property=\"article:modified_time\" content=\"2024-06-07T15:35:54+00:00\" \/>\n<meta name=\"twitter:card\" content=\"summary_large_image\" \/>\n<meta name=\"twitter:label1\" content=\"Tiempo de lectura\" \/>\n\t<meta name=\"twitter:data1\" content=\"11 minutos\" \/>\n<script type=\"application\/ld+json\" class=\"yoast-schema-graph\">{\"@context\":\"https:\/\/schema.org\",\"@graph\":[{\"@type\":\"WebPage\",\"@id\":\"https:\/\/lopsangcountertops.com\/es\/politica-de-privacidad\/\",\"url\":\"https:\/\/lopsangcountertops.com\/es\/politica-de-privacidad\/\",\"name\":\"Pol\u00edtica de privacidad &#8226; Lopsang\",\"isPartOf\":{\"@id\":\"https:\/\/lopsangcountertops.com\/es\/#website\"},\"datePublished\":\"2022-05-05T09:34:16+00:00\",\"dateModified\":\"2024-06-07T15:35:54+00:00\",\"breadcrumb\":{\"@id\":\"https:\/\/lopsangcountertops.com\/es\/politica-de-privacidad\/#breadcrumb\"},\"inLanguage\":\"es\",\"potentialAction\":[{\"@type\":\"ReadAction\",\"target\":[\"https:\/\/lopsangcountertops.com\/es\/politica-de-privacidad\/\"]}]},{\"@type\":\"BreadcrumbList\",\"@id\":\"https:\/\/lopsangcountertops.com\/es\/politica-de-privacidad\/#breadcrumb\",\"itemListElement\":[{\"@type\":\"ListItem\",\"position\":1,\"name\":\"Home\",\"item\":\"https:\/\/lopsangcountertops.com\/es\/\"},{\"@type\":\"ListItem\",\"position\":2,\"name\":\"Pol\u00edtica de privacidad\"}]},{\"@type\":\"WebSite\",\"@id\":\"https:\/\/lopsangcountertops.com\/es\/#website\",\"url\":\"https:\/\/lopsangcountertops.com\/es\/\",\"name\":\"Lopsang\",\"description\":\"Serving with integrity\",\"potentialAction\":[{\"@type\":\"SearchAction\",\"target\":{\"@type\":\"EntryPoint\",\"urlTemplate\":\"https:\/\/lopsangcountertops.com\/es\/?s={search_term_string}\"},\"query-input\":{\"@type\":\"PropertyValueSpecification\",\"valueRequired\":true,\"valueName\":\"search_term_string\"}}],\"inLanguage\":\"es\"}]}<\/script>\n<!-- \/ Yoast SEO plugin. -->","yoast_head_json":{"title":"Pol\u00edtica de privacidad &#8226; Lopsang","robots":{"index":"index","follow":"follow","max-snippet":"max-snippet:-1","max-image-preview":"max-image-preview:large","max-video-preview":"max-video-preview:-1"},"canonical":"https:\/\/lopsangcountertops.com\/es\/politica-de-privacidad\/","og_locale":"es_ES","og_type":"article","og_title":"Pol\u00edtica de privacidad &#8226; Lopsang","og_description":"Pol\u00edtica de privacidad Esta pol\u00edtica de privacidad se ha elaborado para servir mejor a quienes se preocupan por el uso que se hace en l\u00ednea de su \u00abInformaci\u00f3n personal identificable\u00bb (IPI). La IIP, tal y como se describe en la legislaci\u00f3n estadounidense sobre privacidad y seguridad de la informaci\u00f3n, es informaci\u00f3n que puede utilizarse por [&hellip;]","og_url":"https:\/\/lopsangcountertops.com\/es\/politica-de-privacidad\/","og_site_name":"Lopsang","article_modified_time":"2024-06-07T15:35:54+00:00","twitter_card":"summary_large_image","twitter_misc":{"Tiempo de lectura":"11 minutos"},"schema":{"@context":"https:\/\/schema.org","@graph":[{"@type":"WebPage","@id":"https:\/\/lopsangcountertops.com\/es\/politica-de-privacidad\/","url":"https:\/\/lopsangcountertops.com\/es\/politica-de-privacidad\/","name":"Pol\u00edtica de privacidad &#8226; Lopsang","isPartOf":{"@id":"https:\/\/lopsangcountertops.com\/es\/#website"},"datePublished":"2022-05-05T09:34:16+00:00","dateModified":"2024-06-07T15:35:54+00:00","breadcrumb":{"@id":"https:\/\/lopsangcountertops.com\/es\/politica-de-privacidad\/#breadcrumb"},"inLanguage":"es","potentialAction":[{"@type":"ReadAction","target":["https:\/\/lopsangcountertops.com\/es\/politica-de-privacidad\/"]}]},{"@type":"BreadcrumbList","@id":"https:\/\/lopsangcountertops.com\/es\/politica-de-privacidad\/#breadcrumb","itemListElement":[{"@type":"ListItem","position":1,"name":"Home","item":"https:\/\/lopsangcountertops.com\/es\/"},{"@type":"ListItem","position":2,"name":"Pol\u00edtica de privacidad"}]},{"@type":"WebSite","@id":"https:\/\/lopsangcountertops.com\/es\/#website","url":"https:\/\/lopsangcountertops.com\/es\/","name":"Lopsang","description":"Serving with integrity","potentialAction":[{"@type":"SearchAction","target":{"@type":"EntryPoint","urlTemplate":"https:\/\/lopsangcountertops.com\/es\/?s={search_term_string}"},"query-input":{"@type":"PropertyValueSpecification","valueRequired":true,"valueName":"search_term_string"}}],"inLanguage":"es"}]}},"_links":{"self":[{"href":"https:\/\/lopsangcountertops.com\/es\/wp-json\/wp\/v2\/pages\/9537","targetHints":{"allow":["GET"]}}],"collection":[{"href":"https:\/\/lopsangcountertops.com\/es\/wp-json\/wp\/v2\/pages"}],"about":[{"href":"https:\/\/lopsangcountertops.com\/es\/wp-json\/wp\/v2\/types\/page"}],"author":[{"embeddable":true,"href":"https:\/\/lopsangcountertops.com\/es\/wp-json\/wp\/v2\/users\/2"}],"replies":[{"embeddable":true,"href":"https:\/\/lopsangcountertops.com\/es\/wp-json\/wp\/v2\/comments?post=9537"}],"version-history":[{"count":2,"href":"https:\/\/lopsangcountertops.com\/es\/wp-json\/wp\/v2\/pages\/9537\/revisions"}],"predecessor-version":[{"id":9541,"href":"https:\/\/lopsangcountertops.com\/es\/wp-json\/wp\/v2\/pages\/9537\/revisions\/9541"}],"wp:attachment":[{"href":"https:\/\/lopsangcountertops.com\/es\/wp-json\/wp\/v2\/media?parent=9537"}],"curies":[{"name":"wp","href":"https:\/\/api.w.org\/{rel}","templated":true}]}}